{"id":3498,"date":"2021-03-24T09:04:05","date_gmt":"2021-03-24T09:04:05","guid":{"rendered":"https:\/\/www.megalux.eu\/?page_id=3498"},"modified":"2023-08-02T11:32:15","modified_gmt":"2023-08-02T11:32:15","slug":"pme-series-outdoor","status":"publish","type":"page","link":"https:\/\/www.megalux.eu\/de\/anwendungen\/outdoor\/pme-series-outdoor\/","title":{"rendered":"PME series outdoor"},"content":{"rendered":"<section class=\"l-section wpb_row height_medium color_alternate\"><div class=\"l-section-h i-cf\"><div class=\"g-cols vc_row via_flex valign_top type_default stacking_default\"><div class=\"vc_col-sm-9 wpb_column vc_column_container\"><div class=\"vc_column-inner\"><div class=\"wpb_wrapper\"><div class=\"w-btn-wrapper align_none\"><a class=\"w-btn us-btn-style_7 icon_atleft\" href=\"\/de\/ANWENDUNGEN\/outdoor\/\"><i class=\"far fa-arrow-left\"><\/i><span class=\"w-btn-label\">Zur\u00fcck zur Outdoor-\u00dcbersicht<\/span><\/a><\/div><div class=\"w-separator size_custom\" style=\"height:60px\" id=\"i056\"><style>@media(max-width:600px){ #i056{height:40px!important}}<\/style><\/div><div class=\"wpb_text_column\"><div class=\"wpb_wrapper\"><h1 style=\"font-size: 44px;\">PME series, outdoor<\/h1>\n<p>Die LED-Bildschirme der PME-Serie sind speziell f\u00fcr den Einsatz in Sportstadien konzipiert. Sie werden oft als Bandenwerbung an Fu\u00dfballpl\u00e4tzen, Tennispl\u00e4tzen etc. eingesetzt. Die LED-Bildschirme der PME-Serie werden mit einer speziellen Aluminiumstruktur, einem l\u00fcfterlosen K\u00fchlsystem und mit einer integrierten Epoxid-\/Gummimaske zum Schutz vor St\u00f6\u00dfen hergestellt. Ausgef\u00fchrt in verschiedenen LED-Typen und verf\u00fcgbar in verschiedenen Aufl\u00f6sungen. Geeignet f\u00fcr Fernbedienung und einstellbar in verschiedenen Neigungswinkeln.<\/p>\n<\/div><\/div><\/div><\/div><\/div><div class=\"vc_col-sm-3 wpb_column vc_column_container\"><div class=\"vc_column-inner\"><div class=\"wpb_wrapper\"><\/div><\/div><\/div><\/div><\/div><\/section><section class=\"l-section wpb_row us_custom_ba5c494b height_medium\"><div class=\"l-section-h i-cf\"><div class=\"g-cols vc_row via_flex valign_top type_default stacking_default\"><div class=\"vc_col-sm-6 wpb_column vc_column_container\"><div class=\"vc_column-inner\"><div class=\"wpb_wrapper\"><div class=\"w-slider style_none fit_scaledown nav_thumbs count_2\" style=\"--thumbs-width:4rem;--thumbs-gap:4px;\"><div class=\"w-slider-h\"><div class=\"royalSlider\"><div class=\"rsContent\"><a class=\"rsImg\" data-rsw=\"1200\" data-rsh=\"800\" href=\"https:\/\/www.megalux.eu\/wp-content\/uploads\/2020\/01\/PMI-Indoor-LED-Screen-sportboarding-2.jpg\"><span data-alt=\"PMI Indoor LED Screen sportboarding 2\"><\/span><\/a><img loading=\"lazy\" decoding=\"async\" width=\"150\" height=\"150\" src=\"https:\/\/www.megalux.eu\/wp-content\/uploads\/2020\/01\/PMI-Indoor-LED-Screen-sportboarding-2-150x150.jpg\" class=\"rsTmb\" alt=\"PMI Indoor LED Screen sportboarding 2\" \/><\/div><div class=\"rsContent\"><a class=\"rsImg\" data-rsw=\"1200\" data-rsh=\"800\" href=\"https:\/\/www.megalux.eu\/wp-content\/uploads\/2020\/01\/PMI-indoor-LED-Screen-sports-detail.jpg\"><span data-alt=\"\"><\/span><\/a><img loading=\"lazy\" decoding=\"async\" width=\"150\" height=\"150\" src=\"https:\/\/www.megalux.eu\/wp-content\/uploads\/2020\/01\/PMI-indoor-LED-Screen-sports-detail-150x150.jpg\" class=\"rsTmb\" alt=\"\" \/><\/div><\/div><img decoding=\"async\" src=\"https:\/\/www.megalux.eu\/wp-content\/uploads\/2020\/01\/PMI-Indoor-LED-Screen-sportboarding-2.jpg\" width=\"1200\" height=\"800\" alt=\"PMI Indoor LED Screen sportboarding 2\" loading=\"lazy\"><\/div><div class=\"w-slider-json\" onclick='return {&quot;autoScaleSlider&quot;:true,&quot;addActiveClass&quot;:true,&quot;loop&quot;:true,&quot;fadeInLoadedSlide&quot;:false,&quot;slidesSpacing&quot;:0,&quot;imageScalePadding&quot;:0,&quot;numImagesToPreload&quot;:2,&quot;arrowsNav&quot;:false,&quot;arrowsNavAutoHide&quot;:false,&quot;transitionType&quot;:&quot;move&quot;,&quot;transitionSpeed&quot;:250,&quot;block&quot;:{&quot;moveEffect&quot;:&quot;none&quot;,&quot;speed&quot;:300},&quot;thumbs&quot;:{&quot;fitInViewport&quot;:false,&quot;firstMargin&quot;:false,&quot;spacing&quot;:4},&quot;controlNavigation&quot;:&quot;thumbnails&quot;,&quot;autoScaleSliderWidth&quot;:1200,&quot;autoScaleSliderHeight&quot;:800}'><\/div><\/div><\/div><\/div><\/div><div class=\"vc_col-sm-6 wpb_column vc_column_container\"><div class=\"vc_column-inner\"><div class=\"wpb_wrapper\"><div class=\"w-tabs layout_hor style_default switch_click has_scrolling\" style=\"--sections-title-size:1em\"><div class=\"w-tabs-list items_2 align_none\"><div class=\"w-tabs-list-h\"><button class=\"w-tabs-item active\" aria-controls=\"content-1613915708281-b8ae5fa8-cadf0e9c-dab4ce63-490a\" aria-expanded=\"false\"><span class=\"w-tabs-item-title\">Eigenschaften<\/span><\/button><button class=\"w-tabs-item\" aria-controls=\"content-1613915708289-96f544aa-93af0e9c-dab4ce63-490a\" aria-expanded=\"false\"><span class=\"w-tabs-item-title\">Downloads<\/span><\/button><\/div><\/div><div class=\"w-tabs-sections titles-align_none icon_chevron cpos_right\"><div class=\"w-tabs-section active\" id=\"1613915708281-b8ae5fa8-cadf0e9c-dab4ce63-490a\"><button class=\"w-tabs-section-header active\" aria-controls=\"content-1613915708281-b8ae5fa8-cadf0e9c-dab4ce63-490a\" aria-expanded=\"true\"><div class=\"w-tabs-section-title\">Eigenschaften<\/div><div class=\"w-tabs-section-control\"><\/div><\/button><div  class=\"w-tabs-section-content\" id=\"content-1613915708281-b8ae5fa8-cadf0e9c-dab4ce63-490a\"><div class=\"w-tabs-section-content-h i-cf\"><div class=\"wpb_text_column\"><div class=\"wpb_wrapper\"><h3>Eigenschaften<\/h3>\n<\/div><\/div><div class=\"wpb_text_column\"><div class=\"wpb_wrapper\"><ul>\n<li>SMD-LEDs mit hoher Helligkeit und gr\u00f6\u00dferem Betrachtungswinkel<\/li>\n<li>Erh\u00e4ltlich in verschiedenen Pixeldichten<\/li>\n<li>Auch in Ausf\u00fchrung mit LEDs Typ 1R1G1B DIP erh\u00e4ltlich.<\/li>\n<li>Spezielle Aluminiumstruktur, 50% leichter als Stahl.<\/li>\n<li>Automatische W\u00e4rmeabfuhr und leise (ohne L\u00fcfter).<\/li>\n<li>Vor oder nach der Wartung mit dem Hot-Swap-System.<\/li>\n<li>Hohe Bildwiederholrate<\/li>\n<li>Bildschirm geeignet f\u00fcr Fernsteuerung und \u00dcberwachung<\/li>\n<li>IP-Schutzklasse 65 f\u00fcr den Au\u00dfeneinsatz<\/li>\n<li>Mit spezieller Epoxid\/Gummi-Maske zum Schutz<\/li>\n<li>M\u00f6glichkeit, den Bildschirm in sechs verschiedenen Winkeln einzustellen.<\/li>\n<li>Megalux zwei Jahre erweiterte Produktgarantie.<\/li>\n<li>Bei Fragen wenden Sie sich bitte an Ihren Mercedes-Benz Partner.<\/li>\n<li>Zubeh\u00f6r wie Stecker, Prozessoren, Video, etc.<\/li>\n<\/ul>\n<\/div><\/div><\/div><\/div><\/div><div class=\"w-tabs-section\" id=\"1613915708289-96f544aa-93af0e9c-dab4ce63-490a\"><button class=\"w-tabs-section-header\" aria-controls=\"content-1613915708289-96f544aa-93af0e9c-dab4ce63-490a\" aria-expanded=\"false\"><div class=\"w-tabs-section-title\">Downloads<\/div><div class=\"w-tabs-section-control\"><\/div><\/button><div  class=\"w-tabs-section-content\" id=\"content-1613915708289-96f544aa-93af0e9c-dab4ce63-490a\"><div class=\"w-tabs-section-content-h i-cf\"><div class=\"wpb_text_column\"><div class=\"wpb_wrapper\"><h3>Downloads<\/h3>\n<\/div><\/div><div class=\"w-btn-wrapper align_none\"><a class=\"w-btn us-btn-style_1 icon_atright\" href=\"#\"><span class=\"w-btn-label\">Infosheet<\/span><i class=\"far fa-arrow-right\"><\/i><\/a><\/div><\/div><\/div><\/div><\/div><\/div><\/div><\/div><\/div><\/div><\/div><\/section><section class=\"l-section wpb_row us_custom_278d8c57 height_medium width_full\"><div class=\"l-section-h i-cf\"><div class=\"g-cols vc_row via_flex valign_top type_default stacking_default\"><div class=\"vc_col-sm-12 wpb_column vc_column_container\"><div class=\"vc_column-inner\"><div class=\"wpb_wrapper\"><section class=\"l-section wpb_row us_custom_962d0901 height_large color_primary\"><div class=\"l-section-overlay\" style=\"background:rgba(27,39,101,0.40)\"><\/div><div class=\"l-section-h i-cf\"><div class=\"g-cols vc_row via_flex valign_middle type_default stacking_default\"><div class=\"vc_col-sm-8 wpb_column vc_column_container\"><div class=\"vc_column-inner\"><div class=\"wpb_wrapper\"><div class=\"wpb_text_column\"><div class=\"wpb_wrapper\"><h3 style=\"font-size: 35px;\">Fordern Sie ein kostenloses Angebot an<\/h3>\n<p>Sind Sie neugierig auf die L\u00f6sungen, die Megalux f\u00fcr Ihr Unternehmen hat?<\/p>\n<\/div><\/div><\/div><\/div><\/div><div class=\"vc_col-sm-4 wpb_column vc_column_container\"><div class=\"vc_column-inner\"><div class=\"wpb_wrapper\"><div class=\"w-btn-wrapper align_none\"><a class=\"w-btn us-btn-style_1 icon_atright\" href=\"\/de\/kontakt\/\"><span class=\"w-btn-label\">Angebot anfordern<\/span><i class=\"far fa-arrow-right\"><\/i><\/a><\/div><\/div><\/div><\/div><\/div><\/div><\/section>\n<\/div><\/div><\/div><\/div><\/div><\/section><section class=\"l-section wpb_row us_custom_5b5b2c01 height_medium width_full\"><div class=\"l-section-h i-cf\"><div class=\"g-cols vc_row via_flex valign_top type_default stacking_default\"><div class=\"vc_col-sm-12 wpb_column vc_column_container\"><div class=\"vc_column-inner\"><div class=\"wpb_wrapper\"><section class=\"l-section wpb_row height_medium\"><div class=\"l-section-h i-cf\"><div class=\"g-cols vc_row via_flex valign_top type_default stacking_default\"><div class=\"vc_col-sm-12 wpb_column vc_column_container\"><div class=\"vc_column-inner\"><div class=\"wpb_wrapper\"><div class=\"wpb_text_column us_custom_ea15b364\"><div class=\"wpb_wrapper\"><h6 style=\"text-align: center;\">Dienste<\/h6>\n<h2 style=\"text-align: center;\">Megalux und seine Partner k\u00fcmmern sich um Sie \u2026<\/h2>\n<p style=\"text-align: center;\">Bei Megalux wissen wir besser als jeder andere, dass ein Bild eine vollst\u00e4ndige Geschichte erz\u00e4hlen kann. Unsere Produkte sind ein wichtiges Bindeglied zur Visualisierung Ihrer Marke und Geschichte. Sie m\u00f6chten mit tollen Bildern eine maximale Wirkung erzielen. Deshalb k\u00fcmmern sich Megalux und seine Partner um alles f\u00fcr Sie. Von A bis Z, wenn Sie wollen. Was k\u00f6nnen wir noch f\u00fcr Sie tun? Schau mal\u2026<\/p>\n<\/div><\/div><\/div><\/div><\/div><\/div><\/div><\/section><section class=\"l-section wpb_row us_custom_cde3ee5f height-100 height_medium\"><div class=\"l-section-h i-cf\"><div class=\"g-cols vc_row via_flex valign_top type_default stacking_default\" style=\"--additional-gap:0.3rem;\"><div class=\"vc_col-sm-3 wpb_column vc_column_container\"><div class=\"vc_column-inner\"><div class=\"wpb_wrapper\"><div class=\"w-iconbox us_custom_71a78976 box-shadow-on-hover iconpos_top style_default color_primary align_center icontype_img\"><a href=\"\/de\/dienste\/installation\/\" class=\"w-iconbox-link\" aria-label=\"Installation\"><div class=\"w-iconbox-icon\" style=\"font-size:70px;\"><img loading=\"lazy\" decoding=\"async\" width=\"72\" height=\"72\" src=\"https:\/\/www.megalux.eu\/wp-content\/uploads\/2021\/02\/megalux-installatie-icon.png\" class=\"attachment-full size-full\" alt=\"\" \/><\/div><\/a><div class=\"w-iconbox-meta\"><a href=\"\/de\/dienste\/installation\/\" class=\"w-iconbox-link\" aria-label=\"Installation\"><h3 class=\"w-iconbox-title\">Installation<\/h3><\/a><div class=\"w-iconbox-text\"><p>Ihre LED-Anzeige muss an der richtigen Stelle montiert werden. Ordentlich installiert&#8230;<\/p>\n<div class=\"w-btn-wrapper width_auto align_center\"><a class=\"w-btn us-btn-style_7 icon_atright\" title=\"Installatie\" href=\"\/de\/dienste\/installation\/\"><span class=\"w-btn-label\">Mehr lesen<\/span><i class=\"far fa-arrow-right\"><\/i><\/a><\/div>\n<\/div><\/div><\/div><\/div><\/div><\/div><div class=\"vc_col-sm-3 wpb_column vc_column_container\"><div class=\"vc_column-inner\"><div class=\"wpb_wrapper\"><div class=\"w-iconbox us_custom_71a78976 box-shadow-on-hover iconpos_top style_default color_primary align_center icontype_img\"><a href=\"\/de\/dienste\/led-as-service\/\" class=\"w-iconbox-link\" aria-label=\"LED as a service\"><div class=\"w-iconbox-icon\" style=\"font-size:70px;\"><img loading=\"lazy\" decoding=\"async\" width=\"79\" height=\"79\" src=\"https:\/\/www.megalux.eu\/wp-content\/uploads\/2021\/02\/megalux-led-as-a-service-icon.png\" class=\"attachment-full size-full\" alt=\"\" \/><\/div><\/a><div class=\"w-iconbox-meta\"><a href=\"\/de\/dienste\/led-as-service\/\" class=\"w-iconbox-link\" aria-label=\"LED as a service\"><h3 class=\"w-iconbox-title\">LED as a service<\/h3><\/a><div class=\"w-iconbox-text\"><p>Elektro-Roller, Autos, Drucker. Wir entscheiden uns zunehmend daf\u00fcr, nur f\u00fcr&#8230;<\/p>\n<div class=\"w-btn-wrapper width_auto align_center\"><a class=\"w-btn us-btn-style_7 icon_atright\" title=\"Installatie\" href=\"\/de\/dienste\/led-as-service\/\"><span class=\"w-btn-label\">Mehr lesen<\/span><i class=\"far fa-arrow-right\"><\/i><\/a><\/div>\n<\/div><\/div><\/div><\/div><\/div><\/div><div class=\"vc_col-sm-3 wpb_column vc_column_container\"><div class=\"vc_column-inner us_custom_5c1af071\"><div class=\"wpb_wrapper\"><div class=\"w-iconbox us_custom_71a78976 box-shadow-on-hover iconpos_top style_default color_primary align_center icontype_img\"><a href=\"\/de\/dienste\/finanzierung\/\" class=\"w-iconbox-link\" aria-label=\"Finanzierung\"><div class=\"w-iconbox-icon\" style=\"font-size:70px;\"><img loading=\"lazy\" decoding=\"async\" width=\"79\" height=\"79\" src=\"https:\/\/www.megalux.eu\/wp-content\/uploads\/2021\/02\/megalux-financiering-icon.png\" class=\"attachment-full size-full\" alt=\"\" \/><\/div><\/a><div class=\"w-iconbox-meta\"><a href=\"\/de\/dienste\/finanzierung\/\" class=\"w-iconbox-link\" aria-label=\"Finanzierung\"><h3 class=\"w-iconbox-title\">Finanzierung<\/h3><\/a><div class=\"w-iconbox-text\"><p>Haben Sie das Bed\u00fcrfnis, Ihre visuelle Wirkung zu erh\u00f6hen, m\u00f6chten aber lieber Ihr Kapital in&#8230;<\/p>\n<div class=\"w-btn-wrapper width_auto align_center\"><a class=\"w-btn us-btn-style_7 icon_atright\" title=\"Installatie\" href=\"\/de\/dienste\/finanzierung\/\"><span class=\"w-btn-label\">Mehr lesen<\/span><i class=\"far fa-arrow-right\"><\/i><\/a><\/div>\n<\/div><\/div><\/div><\/div><\/div><\/div><div class=\"vc_col-sm-3 wpb_column vc_column_container\"><div class=\"vc_column-inner\"><div class=\"wpb_wrapper\"><div class=\"w-iconbox us_custom_71a78976 box-shadow-on-hover iconpos_top style_default color_primary align_center icontype_img\"><a href=\"\/de\/dienste\/software\/\" class=\"w-iconbox-link\" aria-label=\"Software\"><div class=\"w-iconbox-icon\" style=\"font-size:70px;\"><img loading=\"lazy\" decoding=\"async\" width=\"79\" height=\"77\" src=\"https:\/\/www.megalux.eu\/wp-content\/uploads\/2021\/02\/megalux-content-icon.png\" class=\"attachment-full size-full\" alt=\"\" \/><\/div><\/a><div class=\"w-iconbox-meta\"><a href=\"\/de\/dienste\/software\/\" class=\"w-iconbox-link\" aria-label=\"Software\"><h3 class=\"w-iconbox-title\">Software<\/h3><\/a><div class=\"w-iconbox-text\"><p>Ihre LED-Anzeige bietet Ihnen eine noch nie dagewesene Wirkung und Flexibilit\u00e4t. \u00c4u\u00dferst wichtig in einer zunehmend&#8230;<\/p>\n<div class=\"w-btn-wrapper width_auto align_center\"><a class=\"w-btn us-btn-style_7 icon_atright\" title=\"Installatie\" href=\"\/de\/dienste\/software\/\"><span class=\"w-btn-label\">Mehr lesen<\/span><i class=\"far fa-arrow-right\"><\/i><\/a><\/div>\n<\/div><\/div><\/div><\/div><\/div><\/div><\/div><\/div><\/section>\n<\/div><\/div><\/div><\/div><\/div><\/section><section class=\"l-section wpb_row height_medium\"><div class=\"l-section-h i-cf\"><div class=\"g-cols vc_row via_flex valign_top type_default stacking_default\"><div class=\"vc_col-sm-12 wpb_column vc_column_container\"><div class=\"vc_column-inner\"><div class=\"wpb_wrapper\"><section class=\"l-section wpb_row us_custom_278d8c57 height_large\"><div class=\"l-section-h i-cf\"><div class=\"g-cols vc_row via_flex valign_top type_default stacking_default\"><div class=\"vc_col-sm-12 wpb_column vc_column_container\"><div class=\"vc_column-inner\"><div class=\"wpb_wrapper\"><div class=\"wpb_text_column us_custom_f029a2ba\"><div class=\"wpb_wrapper\"><h6 style=\"text-align: center;\">Kunden<\/h6>\n<\/div><\/div><div class=\"w-image align_center\"><div class=\"w-image-h\"><img decoding=\"async\" width=\"1200\" height=\"349\" src=\"https:\/\/www.megalux.eu\/wp-content\/uploads\/2021\/02\/megalux-klanten-logos.png\" class=\"attachment-full size-full\" alt=\"\" loading=\"lazy\" srcset=\"https:\/\/www.megalux.eu\/wp-content\/uploads\/2021\/02\/megalux-klanten-logos.png 1200w, https:\/\/www.megalux.eu\/wp-content\/uploads\/2021\/02\/megalux-klanten-logos-300x87.png 300w, https:\/\/www.megalux.eu\/wp-content\/uploads\/2021\/02\/megalux-klanten-logos-1024x298.png 1024w\" sizes=\"auto, (max-width: 1200px) 100vw, 1200px\" \/><\/div><\/div><\/div><\/div><\/div><\/div><\/div><\/section>\n<\/div><\/div><\/div><\/div><\/div><\/section><section class=\"l-section wpb_row us_custom_278d8c57 height_medium width_full\"><div class=\"l-section-h i-cf\"><div class=\"g-cols vc_row via_flex valign_top type_default stacking_default\"><div class=\"vc_col-sm-12 wpb_column vc_column_container\"><div class=\"vc_column-inner\"><div class=\"wpb_wrapper\"><section class=\"l-section wpb_row max-width-1200-col height_huge color_primary with_img\"><div class=\"l-section-img\" role=\"img\" data-img-width=\"1920\" data-img-height=\"1079\" style=\"background-image: url(https:\/\/www.megalux.eu\/wp-content\/uploads\/2021\/02\/megalux-home-cta-contact.jpg);background-repeat: no-repeat;\"><\/div><div class=\"l-section-overlay\" style=\"background:linear-gradient(158deg,rgba(21,199,227,0.70),rgba(242,10,254,0.70))\"><\/div><div class=\"l-section-h i-cf\"><div class=\"g-cols vc_row via_flex valign_top type_default stacking_default\"><div class=\"vc_col-sm-12 wpb_column vc_column_container\"><div class=\"vc_column-inner us_custom_eb849559\"><div class=\"wpb_wrapper\"><div class=\"wpb_text_column us_custom_2e9da019\"><div class=\"wpb_wrapper\"><h2 style=\"text-align: center;\">Ready to visualize your business?<\/h2>\n<p style=\"text-align: center;\">Sind Sie neugierig auf die L\u00f6sung, die Megalux und seine Partner Ihnen bieten k\u00f6nnen? Dann f\u00fcllen Sie das Formular aus und wir werden Sie kontaktieren.<\/p>\n<\/div><\/div><div class=\"w-btn-wrapper align_none\"><a class=\"w-btn us-btn-style_1\" title=\"Contact\" href=\"\/de\/kontakt\/\"><span class=\"w-btn-label\">Kontakt<\/span><\/a><\/div><div class=\"w-btn-wrapper align_none\"><a class=\"w-btn us-btn-style_1\" title=\"Offerte\" href=\"\/de\/offerte\/\"><span class=\"w-btn-label\">Angebot anfordern<\/span><\/a><\/div><\/div><\/div><\/div><\/div><\/div><\/section>\n<\/div><\/div><\/div><\/div><\/div><\/section>\n","protected":false},"excerpt":{"rendered":"Zur\u00fcck zur Outdoor-\u00dcbersichtPME series, outdoor Die LED-Bildschirme der PME-Serie sind speziell f\u00fcr den Einsatz in Sportstadien konzipiert. Sie werden oft als Bandenwerbung an Fu\u00dfballpl\u00e4tzen, Tennispl\u00e4tzen etc. eingesetzt. Die LED-Bildschirme der PME-Serie werden mit einer speziellen Aluminiumstruktur, einem l\u00fcfterlosen K\u00fchlsystem und mit einer integrierten Epoxid-\/Gummimaske zum Schutz vor St\u00f6\u00dfen hergestellt. Ausgef\u00fchrt in verschiedenen LED-Typen und verf\u00fcgbar...","protected":false},"author":12,"featured_media":0,"parent":2928,"menu_order":0,"comment_status":"closed","ping_status":"closed","template":"","meta":{"footnotes":""},"class_list":["post-3498","page","type-page","status-publish","hentry"],"yoast_head":"<!-- This site is optimized with the Yoast SEO plugin v27.4 - https:\/\/yoast.com\/product\/yoast-seo-wordpress\/ -->\n<title>PME series outdoor<\/title>\n<meta name=\"description\" content=\"Die Megalux PME-Serie bietet Ihnen eine hochwertige Perimeterl\u00f6sung. Geeignet f\u00fcr virtuelle Werbeanwendungen. FIFA zugelassen.\" \/>\n<meta name=\"robots\" content=\"index, follow, max-snippet:-1, max-image-preview:large, max-video-preview:-1\" \/>\n<link rel=\"canonical\" href=\"https:\/\/www.megalux.eu\/de\/anwendungen\/outdoor\/pme-series-outdoor\/\" \/>\n<meta property=\"og:locale\" content=\"de_DE\" \/>\n<meta property=\"og:type\" content=\"article\" \/>\n<meta property=\"og:title\" content=\"PME series outdoor\" \/>\n<meta property=\"og:description\" content=\"Die Megalux PME-Serie bietet Ihnen eine hochwertige Perimeterl\u00f6sung. Geeignet f\u00fcr virtuelle Werbeanwendungen. FIFA zugelassen.\" \/>\n<meta property=\"og:url\" content=\"https:\/\/www.megalux.eu\/de\/anwendungen\/outdoor\/pme-series-outdoor\/\" \/>\n<meta property=\"og:site_name\" content=\"Megalux\" \/>\n<meta property=\"article:modified_time\" content=\"2023-08-02T11:32:15+00:00\" \/>\n<meta name=\"twitter:card\" content=\"summary_large_image\" \/>\n<meta name=\"twitter:label1\" content=\"Gesch\u00e4tzte Lesezeit\" \/>\n\t<meta name=\"twitter:data1\" content=\"1\u00a0Minute\" \/>\n<script type=\"application\/ld+json\" class=\"yoast-schema-graph\">{\"@context\":\"https:\\\/\\\/schema.org\",\"@graph\":[{\"@type\":\"WebPage\",\"@id\":\"https:\\\/\\\/www.megalux.eu\\\/de\\\/anwendungen\\\/outdoor\\\/pme-series-outdoor\\\/\",\"url\":\"https:\\\/\\\/www.megalux.eu\\\/de\\\/anwendungen\\\/outdoor\\\/pme-series-outdoor\\\/\",\"name\":\"PME series outdoor\",\"isPartOf\":{\"@id\":\"https:\\\/\\\/www.megalux.eu\\\/de\\\/#website\"},\"datePublished\":\"2021-03-24T09:04:05+00:00\",\"dateModified\":\"2023-08-02T11:32:15+00:00\",\"description\":\"Die Megalux PME-Serie bietet Ihnen eine hochwertige Perimeterl\u00f6sung. Geeignet f\u00fcr virtuelle Werbeanwendungen. FIFA zugelassen.\",\"breadcrumb\":{\"@id\":\"https:\\\/\\\/www.megalux.eu\\\/de\\\/anwendungen\\\/outdoor\\\/pme-series-outdoor\\\/#breadcrumb\"},\"inLanguage\":\"de\",\"potentialAction\":[{\"@type\":\"ReadAction\",\"target\":[\"https:\\\/\\\/www.megalux.eu\\\/de\\\/anwendungen\\\/outdoor\\\/pme-series-outdoor\\\/\"]}]},{\"@type\":\"BreadcrumbList\",\"@id\":\"https:\\\/\\\/www.megalux.eu\\\/de\\\/anwendungen\\\/outdoor\\\/pme-series-outdoor\\\/#breadcrumb\",\"itemListElement\":[{\"@type\":\"ListItem\",\"position\":1,\"name\":\"Home\",\"item\":\"https:\\\/\\\/www.megalux.eu\\\/de\\\/\"},{\"@type\":\"ListItem\",\"position\":2,\"name\":\"Anwendungen\",\"item\":\"https:\\\/\\\/www.megalux.eu\\\/de\\\/anwendungen\\\/\"},{\"@type\":\"ListItem\",\"position\":3,\"name\":\"Outdoor\",\"item\":\"https:\\\/\\\/www.megalux.eu\\\/de\\\/anwendungen\\\/outdoor\\\/\"},{\"@type\":\"ListItem\",\"position\":4,\"name\":\"PME series outdoor\"}]},{\"@type\":\"WebSite\",\"@id\":\"https:\\\/\\\/www.megalux.eu\\\/de\\\/#website\",\"url\":\"https:\\\/\\\/www.megalux.eu\\\/de\\\/\",\"name\":\"Megalux\",\"description\":\"Professionele LED schermen\",\"potentialAction\":[{\"@type\":\"SearchAction\",\"target\":{\"@type\":\"EntryPoint\",\"urlTemplate\":\"https:\\\/\\\/www.megalux.eu\\\/de\\\/?s={search_term_string}\"},\"query-input\":{\"@type\":\"PropertyValueSpecification\",\"valueRequired\":true,\"valueName\":\"search_term_string\"}}],\"inLanguage\":\"de\"}]}<\/script>\n<!-- \/ Yoast SEO plugin. -->","yoast_head_json":{"title":"PME series outdoor","description":"Die Megalux PME-Serie bietet Ihnen eine hochwertige Perimeterl\u00f6sung. Geeignet f\u00fcr virtuelle Werbeanwendungen. FIFA zugelassen.","robots":{"index":"index","follow":"follow","max-snippet":"max-snippet:-1","max-image-preview":"max-image-preview:large","max-video-preview":"max-video-preview:-1"},"canonical":"https:\/\/www.megalux.eu\/de\/anwendungen\/outdoor\/pme-series-outdoor\/","og_locale":"de_DE","og_type":"article","og_title":"PME series outdoor","og_description":"Die Megalux PME-Serie bietet Ihnen eine hochwertige Perimeterl\u00f6sung. Geeignet f\u00fcr virtuelle Werbeanwendungen. FIFA zugelassen.","og_url":"https:\/\/www.megalux.eu\/de\/anwendungen\/outdoor\/pme-series-outdoor\/","og_site_name":"Megalux","article_modified_time":"2023-08-02T11:32:15+00:00","twitter_card":"summary_large_image","twitter_misc":{"Gesch\u00e4tzte Lesezeit":"1\u00a0Minute"},"schema":{"@context":"https:\/\/schema.org","@graph":[{"@type":"WebPage","@id":"https:\/\/www.megalux.eu\/de\/anwendungen\/outdoor\/pme-series-outdoor\/","url":"https:\/\/www.megalux.eu\/de\/anwendungen\/outdoor\/pme-series-outdoor\/","name":"PME series outdoor","isPartOf":{"@id":"https:\/\/www.megalux.eu\/de\/#website"},"datePublished":"2021-03-24T09:04:05+00:00","dateModified":"2023-08-02T11:32:15+00:00","description":"Die Megalux PME-Serie bietet Ihnen eine hochwertige Perimeterl\u00f6sung. Geeignet f\u00fcr virtuelle Werbeanwendungen. FIFA zugelassen.","breadcrumb":{"@id":"https:\/\/www.megalux.eu\/de\/anwendungen\/outdoor\/pme-series-outdoor\/#breadcrumb"},"inLanguage":"de","potentialAction":[{"@type":"ReadAction","target":["https:\/\/www.megalux.eu\/de\/anwendungen\/outdoor\/pme-series-outdoor\/"]}]},{"@type":"BreadcrumbList","@id":"https:\/\/www.megalux.eu\/de\/anwendungen\/outdoor\/pme-series-outdoor\/#breadcrumb","itemListElement":[{"@type":"ListItem","position":1,"name":"Home","item":"https:\/\/www.megalux.eu\/de\/"},{"@type":"ListItem","position":2,"name":"Anwendungen","item":"https:\/\/www.megalux.eu\/de\/anwendungen\/"},{"@type":"ListItem","position":3,"name":"Outdoor","item":"https:\/\/www.megalux.eu\/de\/anwendungen\/outdoor\/"},{"@type":"ListItem","position":4,"name":"PME series outdoor"}]},{"@type":"WebSite","@id":"https:\/\/www.megalux.eu\/de\/#website","url":"https:\/\/www.megalux.eu\/de\/","name":"Megalux","description":"Professionele LED schermen","potentialAction":[{"@type":"SearchAction","target":{"@type":"EntryPoint","urlTemplate":"https:\/\/www.megalux.eu\/de\/?s={search_term_string}"},"query-input":{"@type":"PropertyValueSpecification","valueRequired":true,"valueName":"search_term_string"}}],"inLanguage":"de"}]}},"_links":{"self":[{"href":"https:\/\/www.megalux.eu\/de\/wp-json\/wp\/v2\/pages\/3498","targetHints":{"allow":["GET"]}}],"collection":[{"href":"https:\/\/www.megalux.eu\/de\/wp-json\/wp\/v2\/pages"}],"about":[{"href":"https:\/\/www.megalux.eu\/de\/wp-json\/wp\/v2\/types\/page"}],"author":[{"embeddable":true,"href":"https:\/\/www.megalux.eu\/de\/wp-json\/wp\/v2\/users\/12"}],"replies":[{"embeddable":true,"href":"https:\/\/www.megalux.eu\/de\/wp-json\/wp\/v2\/comments?post=3498"}],"version-history":[{"count":0,"href":"https:\/\/www.megalux.eu\/de\/wp-json\/wp\/v2\/pages\/3498\/revisions"}],"up":[{"embeddable":true,"href":"https:\/\/www.megalux.eu\/de\/wp-json\/wp\/v2\/pages\/2928"}],"wp:attachment":[{"href":"https:\/\/www.megalux.eu\/de\/wp-json\/wp\/v2\/media?parent=3498"}],"curies":[{"name":"wp","href":"https:\/\/api.w.org\/{rel}","templated":true}]}}